{"id":13,"date":"2023-03-01T12:38:19","date_gmt":"2023-03-01T11:38:19","guid":{"rendered":"https:\/\/pierregaux.com\/?page_id=13"},"modified":"2025-07-01T00:57:21","modified_gmt":"2025-06-30T22:57:21","slug":"about","status":"publish","type":"page","link":"https:\/\/pierregaux.com\/en\/about\/","title":{"rendered":"About"},"content":{"rendered":"<div class=\"wp-block-group alignfull bio is-content-justification-center is-layout-flex wp-container-core-group-is-layout-5e082710 wp-block-group-is-layout-flex\" style=\"padding-top:36px;padding-right:0;padding-bottom:36px;padding-left:0\">\n<figure class=\"wp-block-image size-full is-resized\"><img decoding=\"async\" src=\"https:\/\/pierregaux.com\/wp-content\/uploads\/about_02.webp\" alt=\"\" class=\"wp-image-7026\" style=\"width:225px\"\/><\/figure>\n\n\n\n<div class=\"wp-block-group alignwide has-global-padding is-layout-constrained wp-container-core-group-is-layout-c19476fc wp-block-group-is-layout-constrained\">\n<h2 class=\"wp-block-heading\">Hello\u00a0\ud83d\udc4b<\/h2>\n\n\n\n<p style=\"font-style:normal;font-weight:500\">I'm Pierre, I\u2019m an illustrator and concept artist based in Montpellier, France.<\/p>\n\n\n\n<p>My appeal for art and literature has always inspired me to create worlds and characters. Whether it\u2019s publishing, animation, film or video games, images interest me as soon as they allow me to tell stories \u2014 hoping that they carry a bit of the passion I feel when writing them!<\/p>\n\n\n\n<p>\ud83d\udce7 <a class=\"external\" href=\"mailto:contact@pierregaux.com\">contact@pierregaux.com<\/a><\/p>\n<\/div>\n<\/div>","protected":false},"excerpt":{"rendered":"<p>Bonjour&nbsp;\ud83d\udc4b Je suis Pierre, illustrateur et concept artist bas\u00e9 \u00e0 Montpellier. Mon attrait pour l\u2019art et la litt\u00e9rature m\u2019inspire depuis toujours \u00e0 cr\u00e9er des mondes et des personnages. \u00c9dition, animation, cin\u00e9ma ou jeu vid\u00e9o, l\u2019image m\u2019int\u00e9resse d\u00e8s qu\u2019elle me permet de raconter des histoires \u2014 en esp\u00e9rant qu\u2019elles embarquent un peu de la passion que [&hellip;]<\/p>","protected":false},"author":1,"featured_media":0,"parent":0,"menu_order":0,"comment_status":"closed","ping_status":"closed","template":"v25","meta":{"footnotes":""},"class_list":["post-13","page","type-page","status-publish","hentry"],"yoast_head":"<!-- This site is optimized with the Yoast SEO plugin v26.6 - https:\/\/yoast.com\/wordpress\/plugins\/seo\/ -->\n<title>\u00c0 propos | Pierre Gaux<\/title>\n<meta name=\"description\" content=\"\u00c0 propos | Pierre Gaux : Illustrateur et concept artist freelance dipl\u00f4m\u00e9 de la formation illustration et concept art de l\u2019ESMA Montpellier.\" \/>\n<meta name=\"robots\" content=\"index, follow, max-snippet:-1, max-image-preview:large, max-video-preview:-1\" \/>\n<link rel=\"canonical\" href=\"https:\/\/pierregaux-com.preview-domain.com\/about\/\" \/>\n<meta property=\"og:locale\" content=\"en_US\" \/>\n<meta property=\"og:type\" content=\"article\" \/>\n<meta property=\"og:title\" content=\"\u00c0 propos | Pierre Gaux\" \/>\n<meta property=\"og:description\" content=\"\u00c0 propos | Pierre Gaux : Illustrateur et concept artist freelance dipl\u00f4m\u00e9 de la formation illustration et concept art de l\u2019ESMA Montpellier.\" \/>\n<meta property=\"og:url\" content=\"https:\/\/pierregaux-com.preview-domain.com\/about\/\" \/>\n<meta property=\"og:site_name\" content=\"Pierre Gaux\" \/>\n<meta property=\"article:modified_time\" content=\"2025-06-30T22:57:21+00:00\" \/>\n<meta property=\"og:image\" content=\"https:\/\/pierregaux.com\/wp-content\/uploads\/about_02.webp\" \/>\n<meta name=\"twitter:card\" content=\"summary_large_image\" \/>\n<meta name=\"twitter:label1\" content=\"Est. reading time\" \/>\n\t<meta name=\"twitter:data1\" content=\"1 minute\" \/>\n<script type=\"application\/ld+json\" class=\"yoast-schema-graph\">{\"@context\":\"https:\/\/schema.org\",\"@graph\":[{\"@type\":[\"WebPage\",\"AboutPage\"],\"@id\":\"https:\/\/pierregaux.com\/about\/\",\"url\":\"https:\/\/pierregaux-com.preview-domain.com\/about\/\",\"name\":\"\u00c0 propos | Pierre Gaux\",\"isPartOf\":{\"@id\":\"https:\/\/pierregaux.com\/#website\"},\"primaryImageOfPage\":{\"@id\":\"https:\/\/pierregaux-com.preview-domain.com\/about\/#primaryimage\"},\"image\":{\"@id\":\"https:\/\/pierregaux-com.preview-domain.com\/about\/#primaryimage\"},\"thumbnailUrl\":\"https:\/\/pierregaux.com\/wp-content\/uploads\/about_02.webp\",\"datePublished\":\"2023-03-01T11:38:19+00:00\",\"dateModified\":\"2025-06-30T22:57:21+00:00\",\"description\":\"\u00c0 propos | Pierre Gaux : Illustrateur et concept artist freelance dipl\u00f4m\u00e9 de la formation illustration et concept art de l\u2019ESMA Montpellier.\",\"inLanguage\":\"en-US\",\"potentialAction\":[{\"@type\":\"ReadAction\",\"target\":[\"https:\/\/pierregaux-com.preview-domain.com\/about\/\"]}]},{\"@type\":\"ImageObject\",\"inLanguage\":\"en-US\",\"@id\":\"https:\/\/pierregaux-com.preview-domain.com\/about\/#primaryimage\",\"url\":\"https:\/\/pierregaux.com\/wp-content\/uploads\/about_02.webp\",\"contentUrl\":\"https:\/\/pierregaux.com\/wp-content\/uploads\/about_02.webp\"},{\"@type\":\"WebSite\",\"@id\":\"https:\/\/pierregaux.com\/#website\",\"url\":\"https:\/\/pierregaux.com\/\",\"name\":\"Pierre Gaux\",\"description\":\"Auteur illustrateur\",\"publisher\":{\"@id\":\"https:\/\/pierregaux.com\/#\/schema\/person\/79299ea1d8c6ce5b6e9c72e33907c944\"},\"potentialAction\":[{\"@type\":\"SearchAction\",\"target\":{\"@type\":\"EntryPoint\",\"urlTemplate\":\"https:\/\/pierregaux.com\/?s={search_term_string}\"},\"query-input\":{\"@type\":\"PropertyValueSpecification\",\"valueRequired\":true,\"valueName\":\"search_term_string\"}}],\"inLanguage\":\"en-US\"},{\"@type\":[\"Person\",\"Organization\"],\"@id\":\"https:\/\/pierregaux.com\/#\/schema\/person\/79299ea1d8c6ce5b6e9c72e33907c944\",\"name\":\"Pierre Gaux\",\"image\":{\"@type\":\"ImageObject\",\"inLanguage\":\"en-US\",\"@id\":\"https:\/\/pierregaux.com\/#\/schema\/person\/image\/\",\"url\":\"https:\/\/pierregaux.com\/wp-content\/uploads\/Gaux_Pierre_icon.webp\",\"contentUrl\":\"https:\/\/pierregaux.com\/wp-content\/uploads\/Gaux_Pierre_icon.webp\",\"width\":512,\"height\":512,\"caption\":\"Pierre Gaux\"},\"logo\":{\"@id\":\"https:\/\/pierregaux.com\/#\/schema\/person\/image\/\"},\"description\":\"Illustrateur &amp; concept artist freelance\",\"sameAs\":[\"https:\/\/pierregaux.com\",\"https:\/\/www.instagram.com\/pierregaux\/\",\"https:\/\/www.linkedin.com\/in\/pierre-gaux-559731229\/\"]}]}<\/script>\n<!-- \/ Yoast SEO plugin. -->","yoast_head_json":{"title":"\u00c0 propos | Pierre Gaux","description":"\u00c0 propos | Pierre Gaux : Illustrateur et concept artist freelance dipl\u00f4m\u00e9 de la formation illustration et concept art de l\u2019ESMA Montpellier.","robots":{"index":"index","follow":"follow","max-snippet":"max-snippet:-1","max-image-preview":"max-image-preview:large","max-video-preview":"max-video-preview:-1"},"canonical":"https:\/\/pierregaux-com.preview-domain.com\/about\/","og_locale":"en_US","og_type":"article","og_title":"\u00c0 propos | Pierre Gaux","og_description":"\u00c0 propos | Pierre Gaux : Illustrateur et concept artist freelance dipl\u00f4m\u00e9 de la formation illustration et concept art de l\u2019ESMA Montpellier.","og_url":"https:\/\/pierregaux-com.preview-domain.com\/about\/","og_site_name":"Pierre Gaux","article_modified_time":"2025-06-30T22:57:21+00:00","og_image":[{"url":"https:\/\/pierregaux.com\/wp-content\/uploads\/about_02.webp","type":"","width":"","height":""}],"twitter_card":"summary_large_image","twitter_misc":{"Est. reading time":"1 minute"},"schema":{"@context":"https:\/\/schema.org","@graph":[{"@type":["WebPage","AboutPage"],"@id":"https:\/\/pierregaux.com\/about\/","url":"https:\/\/pierregaux-com.preview-domain.com\/about\/","name":"\u00c0 propos | Pierre Gaux","isPartOf":{"@id":"https:\/\/pierregaux.com\/#website"},"primaryImageOfPage":{"@id":"https:\/\/pierregaux-com.preview-domain.com\/about\/#primaryimage"},"image":{"@id":"https:\/\/pierregaux-com.preview-domain.com\/about\/#primaryimage"},"thumbnailUrl":"https:\/\/pierregaux.com\/wp-content\/uploads\/about_02.webp","datePublished":"2023-03-01T11:38:19+00:00","dateModified":"2025-06-30T22:57:21+00:00","description":"\u00c0 propos | Pierre Gaux : Illustrateur et concept artist freelance dipl\u00f4m\u00e9 de la formation illustration et concept art de l\u2019ESMA Montpellier.","inLanguage":"en-US","potentialAction":[{"@type":"ReadAction","target":["https:\/\/pierregaux-com.preview-domain.com\/about\/"]}]},{"@type":"ImageObject","inLanguage":"en-US","@id":"https:\/\/pierregaux-com.preview-domain.com\/about\/#primaryimage","url":"https:\/\/pierregaux.com\/wp-content\/uploads\/about_02.webp","contentUrl":"https:\/\/pierregaux.com\/wp-content\/uploads\/about_02.webp"},{"@type":"WebSite","@id":"https:\/\/pierregaux.com\/#website","url":"https:\/\/pierregaux.com\/","name":"Pierre Gaux","description":"Author &amp; illustrator","publisher":{"@id":"https:\/\/pierregaux.com\/#\/schema\/person\/79299ea1d8c6ce5b6e9c72e33907c944"},"potentialAction":[{"@type":"SearchAction","target":{"@type":"EntryPoint","urlTemplate":"https:\/\/pierregaux.com\/?s={search_term_string}"},"query-input":{"@type":"PropertyValueSpecification","valueRequired":true,"valueName":"search_term_string"}}],"inLanguage":"en-US"},{"@type":["Person","Organization"],"@id":"https:\/\/pierregaux.com\/#\/schema\/person\/79299ea1d8c6ce5b6e9c72e33907c944","name":"Pierre Gaux","image":{"@type":"ImageObject","inLanguage":"en-US","@id":"https:\/\/pierregaux.com\/#\/schema\/person\/image\/","url":"https:\/\/pierregaux.com\/wp-content\/uploads\/Gaux_Pierre_icon.webp","contentUrl":"https:\/\/pierregaux.com\/wp-content\/uploads\/Gaux_Pierre_icon.webp","width":512,"height":512,"caption":"Pierre Gaux"},"logo":{"@id":"https:\/\/pierregaux.com\/#\/schema\/person\/image\/"},"description":"Illustrateur &amp; concept artist freelance","sameAs":["https:\/\/pierregaux.com","https:\/\/www.instagram.com\/pierregaux\/","https:\/\/www.linkedin.com\/in\/pierre-gaux-559731229\/"]}]}},"_links":{"self":[{"href":"https:\/\/pierregaux.com\/en\/wp-json\/wp\/v2\/pages\/13","targetHints":{"allow":["GET"]}}],"collection":[{"href":"https:\/\/pierregaux.com\/en\/wp-json\/wp\/v2\/pages"}],"about":[{"href":"https:\/\/pierregaux.com\/en\/wp-json\/wp\/v2\/types\/page"}],"author":[{"embeddable":true,"href":"https:\/\/pierregaux.com\/en\/wp-json\/wp\/v2\/users\/1"}],"replies":[{"embeddable":true,"href":"https:\/\/pierregaux.com\/en\/wp-json\/wp\/v2\/comments?post=13"}],"version-history":[{"count":22,"href":"https:\/\/pierregaux.com\/en\/wp-json\/wp\/v2\/pages\/13\/revisions"}],"predecessor-version":[{"id":8548,"href":"https:\/\/pierregaux.com\/en\/wp-json\/wp\/v2\/pages\/13\/revisions\/8548"}],"wp:attachment":[{"href":"https:\/\/pierregaux.com\/en\/wp-json\/wp\/v2\/media?parent=13"}],"curies":[{"name":"wp","href":"https:\/\/api.w.org\/{rel}","templated":true}]}}